{"id":32224,"date":"2023-04-12T15:56:06","date_gmt":"2023-04-12T13:56:06","guid":{"rendered":"https:\/\/impakt360.com\/?page_id=32224"},"modified":"2025-07-17T11:10:55","modified_gmt":"2025-07-17T09:10:55","slug":"ngl-anmeldung","status":"publish","type":"page","link":"https:\/\/impakt360.com\/en\/ngl-anmeldung\/","title":{"rendered":"Anmeldung Next Generation Leader Programm"},"content":{"rendered":"\t\t<div data-elementor-type=\"wp-page\" data-elementor-id=\"32224\" class=\"elementor elementor-32224\" data-elementor-settings=\"{&quot;element_pack_global_tooltip_width&quot;:{&quot;unit&quot;:&quot;px&quot;,&quot;size&quot;:&quot;&quot;,&quot;sizes&quot;:[]},&quot;element_pack_global_tooltip_width_tablet&quot;:{&quot;unit&quot;:&quot;px&quot;,&quot;size&quot;:&quot;&quot;,&quot;sizes&quot;:[]},&quot;element_pack_global_tooltip_width_mobile&quot;:{&quot;unit&quot;:&quot;px&quot;,&quot;size&quot;:&quot;&quot;,&quot;sizes&quot;:[]},&quot;element_pack_global_tooltip_padding&quot;:{&quot;unit&quot;:&quot;px&quot;,&quot;top&quot;:&quot;&quot;,&quot;right&quot;:&quot;&quot;,&quot;bottom&quot;:&quot;&quot;,&quot;left&quot;:&quot;&quot;,&quot;isLinked&quot;:true},&quot;element_pack_global_tooltip_padding_tablet&quot;:{&quot;unit&quot;:&quot;px&quot;,&quot;top&quot;:&quot;&quot;,&quot;right&quot;:&quot;&quot;,&quot;bottom&quot;:&quot;&quot;,&quot;left&quot;:&quot;&quot;,&quot;isLinked&quot;:true},&quot;element_pack_global_tooltip_padding_mobile&quot;:{&quot;unit&quot;:&quot;px&quot;,&quot;top&quot;:&quot;&quot;,&quot;right&quot;:&quot;&quot;,&quot;bottom&quot;:&quot;&quot;,&quot;left&quot;:&quot;&quot;,&quot;isLinked&quot;:true},&quot;element_pack_global_tooltip_border_radius&quot;:{&quot;unit&quot;:&quot;px&quot;,&quot;top&quot;:&quot;&quot;,&quot;right&quot;:&quot;&quot;,&quot;bottom&quot;:&quot;&quot;,&quot;left&quot;:&quot;&quot;,&quot;isLinked&quot;:true},&quot;element_pack_global_tooltip_border_radius_tablet&quot;:{&quot;unit&quot;:&quot;px&quot;,&quot;top&quot;:&quot;&quot;,&quot;right&quot;:&quot;&quot;,&quot;bottom&quot;:&quot;&quot;,&quot;left&quot;:&quot;&quot;,&quot;isLinked&quot;:true},&quot;element_pack_global_tooltip_border_radius_mobile&quot;:{&quot;unit&quot;:&quot;px&quot;,&quot;top&quot;:&quot;&quot;,&quot;right&quot;:&quot;&quot;,&quot;bottom&quot;:&quot;&quot;,&quot;left&quot;:&quot;&quot;,&quot;isLinked&quot;:true}}\" data-elementor-post-type=\"page\">\n\t\t\t\t\t\t<section class=\"elementor-section elementor-top-section elementor-element elementor-element-35ab9f6 elementor-section-boxed elementor-section-height-default elementor-section-height-default\" data-id=\"35ab9f6\" data-element_type=\"section\" data-e-type=\"section\">\n\t\t\t\t\t\t<div class=\"elementor-container elementor-column-gap-default\">\n\t\t\t\t\t<div class=\"elementor-column elementor-col-100 elementor-top-column elementor-element elementor-element-3138e51\" data-id=\"3138e51\" data-element_type=\"column\" data-e-type=\"column\" data-settings=\"{&quot;avante_ext_is_scrollme&quot;:&quot;false&quot;,&quot;avante_ext_is_smoove&quot;:&quot;false&quot;,&quot;avante_ext_is_parallax_mouse&quot;:&quot;false&quot;,&quot;avante_ext_is_infinite&quot;:&quot;false&quot;,&quot;avante_ext_link_sidemenu&quot;:&quot;false&quot;}\">\n\t\t\t<div class=\"elementor-widget-wrap elementor-element-populated\">\n\t\t\t\t\t\t<div class=\"elementor-element elementor-element-8b89a5c elementor-widget elementor-widget-bdt-wp-forms\" data-id=\"8b89a5c\" data-element_type=\"widget\" data-e-type=\"widget\" data-settings=\"{&quot;avante_ext_is_scrollme&quot;:&quot;false&quot;,&quot;avante_ext_is_smoove&quot;:&quot;false&quot;,&quot;avante_ext_is_parallax_mouse&quot;:&quot;false&quot;,&quot;avante_ext_is_infinite&quot;:&quot;false&quot;,&quot;avante_ext_link_sidemenu&quot;:&quot;false&quot;}\" data-widget_type=\"bdt-wp-forms.default\">\n\t\t\t\t<div class=\"elementor-widget-container\">\n\t\t\t\t\t<div class=\"wpforms-container wpforms-container-full\" id=\"wpforms-32215\"><form id=\"wpforms-form-32215\" class=\"wpforms-validate wpforms-form wpforms-ajax-form\" data-formid=\"32215\" method=\"post\" enctype=\"multipart\/form-data\" action=\"\/en\/wp-json\/wp\/v2\/pages\/32224\" data-token=\"a69f716ef3b275356d0af59fcfd735ad\" data-token-time=\"1776193971\"><noscript class=\"wpforms-error-noscript\">Please enable JavaScript in your browser to complete this form.<\/noscript><div class=\"wpforms-field-container\"><div id=\"wpforms-32215-field_1-container\" class=\"wpforms-field wpforms-field-radio\" data-field-id=\"1\"><label class=\"wpforms-field-label\">Paket-Auswahl <span class=\"wpforms-required-label\">*<\/span><\/label><ul id=\"wpforms-32215-field_1\" class=\"wpforms-field-required\"><li class=\"choice-1 depth-1\"><input type=\"radio\" id=\"wpforms-32215-field_1_1\" name=\"wpforms[fields][1]\" value=\"Light - EUR 1950 pro Teilnehmer\" required ><label class=\"wpforms-field-label-inline\" for=\"wpforms-32215-field_1_1\">Light - EUR 1950 pro Teilnehmer<\/label><\/li><li class=\"choice-2 depth-1\"><input type=\"radio\" id=\"wpforms-32215-field_1_2\" name=\"wpforms[fields][1]\" value=\"Advanced - EUR 2450 pro Teilnehmer\" required ><label class=\"wpforms-field-label-inline\" for=\"wpforms-32215-field_1_2\">Advanced - EUR 2450 pro Teilnehmer<\/label><\/li><li class=\"choice-3 depth-1\"><input type=\"radio\" id=\"wpforms-32215-field_1_3\" name=\"wpforms[fields][1]\" value=\"Professional - EUR 3150 pro Teilnehmer\" required ><label class=\"wpforms-field-label-inline\" for=\"wpforms-32215-field_1_3\">Professional - EUR 3150 pro Teilnehmer<\/label><\/li><\/ul><\/div><div id=\"wpforms-32215-field_8-container\" class=\"wpforms-field wpforms-field-select wpforms-field-select-style-classic\" data-field-id=\"8\"><label class=\"wpforms-field-label\" for=\"wpforms-32215-field_8\">Start-Termin <span class=\"wpforms-required-label\">*<\/span><\/label><select id=\"wpforms-32215-field_8\" class=\"wpforms-field-large wpforms-field-required\" name=\"wpforms[fields][8]\" required=\"required\"><option value=\"September 2025\"  selected='selected' class=\"choice-1 depth-1\"  >September 2025<\/option><\/select><\/div><div id=\"wpforms-32215-field_4-container\" class=\"wpforms-field wpforms-field-email\" data-field-id=\"4\"><label class=\"wpforms-field-label\" for=\"wpforms-32215-field_4\">E-Mail-Adresse <span class=\"wpforms-required-label\">*<\/span><\/label><input type=\"email\" id=\"wpforms-32215-field_4\" class=\"wpforms-field-large wpforms-field-required\" name=\"wpforms[fields][4]\" spellcheck=\"false\" required><\/div><div id=\"wpforms-32215-field_2-container\" class=\"wpforms-field wpforms-field-name\" data-field-id=\"2\"><label class=\"wpforms-field-label\">Name <span class=\"wpforms-required-label\">*<\/span><\/label><div class=\"wpforms-field-row wpforms-field-large\"><div class=\"wpforms-field-row-block wpforms-first wpforms-one-half\"><input type=\"text\" id=\"wpforms-32215-field_2\" class=\"wpforms-field-name-first wpforms-field-required\" name=\"wpforms[fields][2][first]\" required><label for=\"wpforms-32215-field_2\" class=\"wpforms-field-sublabel after\">First<\/label><\/div><div class=\"wpforms-field-row-block wpforms-one-half\"><input type=\"text\" id=\"wpforms-32215-field_2-last\" class=\"wpforms-field-name-last wpforms-field-required\" name=\"wpforms[fields][2][last]\" required><label for=\"wpforms-32215-field_2-last\" class=\"wpforms-field-sublabel after\">Last<\/label><\/div><\/div><\/div><div id=\"wpforms-32215-field_3-container\" class=\"wpforms-field wpforms-field-text\" data-field-id=\"3\"><label class=\"wpforms-field-label\" for=\"wpforms-32215-field_3\">Firma (optional)<\/label><input type=\"text\" id=\"wpforms-32215-field_3\" class=\"wpforms-field-large\" name=\"wpforms[fields][3]\" ><\/div><div id=\"wpforms-32215-field_5-container\" class=\"wpforms-field wpforms-field-text\" data-field-id=\"5\"><label class=\"wpforms-field-label\" for=\"wpforms-32215-field_5\">Strasse und Hausnummer <span class=\"wpforms-required-label\">*<\/span><\/label><input type=\"text\" id=\"wpforms-32215-field_5\" class=\"wpforms-field-large wpforms-field-required\" name=\"wpforms[fields][5]\" required><\/div><div id=\"wpforms-32215-field_10-container\" class=\"wpforms-field wpforms-field-text wpforms-one-third wpforms-first\" data-field-id=\"10\"><label class=\"wpforms-field-label\" for=\"wpforms-32215-field_10\">Postleitzahl <span class=\"wpforms-required-label\">*<\/span><\/label><input type=\"text\" id=\"wpforms-32215-field_10\" class=\"wpforms-field-large wpforms-field-required\" name=\"wpforms[fields][10]\" required><\/div><div id=\"wpforms-32215-field_6-container\" class=\"wpforms-field wpforms-field-text wpforms-two-thirds\" data-field-id=\"6\"><label class=\"wpforms-field-label\" for=\"wpforms-32215-field_6\">Stadt <span class=\"wpforms-required-label\">*<\/span><\/label><input type=\"text\" id=\"wpforms-32215-field_6\" class=\"wpforms-field-large wpforms-field-required\" name=\"wpforms[fields][6]\" required><\/div><div id=\"wpforms-32215-field_9-container\" class=\"wpforms-field wpforms-field-select wpforms-field-select-style-classic\" data-field-id=\"9\"><label class=\"wpforms-field-label\" for=\"wpforms-32215-field_9\">Land <span class=\"wpforms-required-label\">*<\/span><\/label><select id=\"wpforms-32215-field_9\" class=\"wpforms-field-large wpforms-field-required\" name=\"wpforms[fields][9]\" required=\"required\"><option value=\"Deutschland\"  class=\"choice-1 depth-1\"  >Deutschland<\/option><option value=\"\u00d6sterreich\"  class=\"choice-2 depth-1\"  >\u00d6sterreich<\/option><option value=\"Schweiz\"  class=\"choice-3 depth-1\"  >Schweiz<\/option><\/select><\/div><\/div><!-- .wpforms-field-container --><div class=\"wpforms-submit-container\" ><input type=\"hidden\" name=\"wpforms[id]\" value=\"32215\"><input type=\"hidden\" name=\"page_title\" value=\"\"><input type=\"hidden\" name=\"page_url\" value=\"https:\/\/impakt360.com\/en\/wp-json\/wp\/v2\/pages\/32224\"><input type=\"hidden\" name=\"url_referer\" value=\"\"><button type=\"submit\" name=\"wpforms[submit]\" id=\"wpforms-submit-32215\" class=\"wpforms-submit\" data-alt-text=\"Senden\u2026\" data-submit-text=\"Verbindlich anmelden\" aria-live=\"assertive\" value=\"wpforms-submit\">Verbindlich anmelden<\/button><img decoding=\"async\" src=\"https:\/\/impakt360.com\/wp-content\/plugins\/wpforms\/assets\/images\/submit-spin.svg\" class=\"wpforms-submit-spinner\" style=\"display: none;\" width=\"26\" height=\"26\" alt=\"Loading\"><\/div><\/form><\/div>  <!-- .wpforms-container -->\t\t\t\t<\/div>\n\t\t\t\t<\/div>\n\t\t\t\t\t<\/div>\n\t\t<\/div>\n\t\t\t\t\t<\/div>\n\t\t<\/section>\n\t\t\t\t<section class=\"elementor-section elementor-top-section elementor-element elementor-element-18e9fb9 elementor-section-boxed elementor-section-height-default elementor-section-height-default\" data-id=\"18e9fb9\" data-element_type=\"section\" data-e-type=\"section\">\n\t\t\t\t\t\t<div class=\"elementor-container elementor-column-gap-default\">\n\t\t\t\t\t<div class=\"elementor-column elementor-col-100 elementor-top-column elementor-element elementor-element-c0c8bc9\" data-id=\"c0c8bc9\" data-element_type=\"column\" data-e-type=\"column\" data-settings=\"{&quot;avante_ext_is_scrollme&quot;:&quot;false&quot;,&quot;avante_ext_is_smoove&quot;:&quot;false&quot;,&quot;avante_ext_is_parallax_mouse&quot;:&quot;false&quot;,&quot;avante_ext_is_infinite&quot;:&quot;false&quot;,&quot;avante_ext_link_sidemenu&quot;:&quot;false&quot;}\">\n\t\t\t<div class=\"elementor-widget-wrap elementor-element-populated\">\n\t\t\t\t\t\t<div class=\"elementor-element elementor-element-4e38e54 elementor-widget elementor-widget-text-editor\" data-id=\"4e38e54\" data-element_type=\"widget\" data-e-type=\"widget\" data-settings=\"{&quot;avante_ext_is_scrollme&quot;:&quot;false&quot;,&quot;avante_ext_is_smoove&quot;:&quot;false&quot;,&quot;avante_ext_is_parallax_mouse&quot;:&quot;false&quot;,&quot;avante_ext_is_infinite&quot;:&quot;false&quot;,&quot;avante_ext_link_sidemenu&quot;:&quot;false&quot;}\" data-widget_type=\"text-editor.default\">\n\t\t\t\t<div class=\"elementor-widget-container\">\n\t\t\t\t\t\t\t\t\t<p><strong>Termine n\u00e4chste Durchf\u00fchrung September 2025<\/strong><\/p><ul><li>M01: Donnerstag, 25.09.25 15:05-17:00<\/li><li>M02: Freitag, 10.10.25 13:05-15:00<\/li><li>M03: Montag, 27.10.25 13:05-15:00<\/li><li>M04: Freitag, 7.11.25 15:05-17:00<\/li><li>M05: Donnerstag, 20.11.25 15:05-17:00<\/li><li>M06: Donnerstag, 4.12.25 13:05-15:00<\/li><li>M07: Donnerstag, 15.01.26 13:05-15:00<\/li><li>M08: Dienstag, 20.01.26 13:05-15:00<\/li><li>M09: Donnerstag, 12.02.26 13:05-15:00<\/li><li>M10: Dienstag, 24.02.26 15:05-17:00<\/li><\/ul>\t\t\t\t\t\t\t\t<\/div>\n\t\t\t\t<\/div>\n\t\t\t\t<div class=\"elementor-element elementor-element-07b5937 elementor-widget elementor-widget-spacer\" data-id=\"07b5937\" data-element_type=\"widget\" data-e-type=\"widget\" data-settings=\"{&quot;avante_ext_is_scrollme&quot;:&quot;false&quot;,&quot;avante_ext_is_smoove&quot;:&quot;false&quot;,&quot;avante_ext_is_parallax_mouse&quot;:&quot;false&quot;,&quot;avante_ext_is_infinite&quot;:&quot;false&quot;,&quot;avante_ext_link_sidemenu&quot;:&quot;false&quot;}\" data-widget_type=\"spacer.default\">\n\t\t\t\t<div class=\"elementor-widget-container\">\n\t\t\t\t\t\t\t<div class=\"elementor-spacer\">\n\t\t\t<div class=\"elementor-spacer-inner\"><\/div>\n\t\t<\/div>\n\t\t\t\t\t\t<\/div>\n\t\t\t\t<\/div>\n\t\t\t\t\t<\/div>\n\t\t<\/div>\n\t\t\t\t\t<\/div>\n\t\t<\/section>\n\t\t\t\t<\/div>\n\t\t","protected":false},"excerpt":{"rendered":"<p>Termine n\u00e4chste Durchf\u00fchrung September 2025 M01: Donnerstag, 25.09.25 15:05-17:00 M02: Freitag, 10.10.25 13:05-15:00 M03: Montag, 27.10.25 13:05-15:00 M04: Freitag, 7.11.25 15:05-17:00 M05: Donnerstag, 20.11.25 15:05-17:00 M06: Donnerstag, 4.12.25 13:05-15:00 M07: Donnerstag, 15.01.26 13:05-15:00 M08: Dienstag, 20.01.26 13:05-15:00 M09: Donnerstag, 12.02.26 [&hellip;]<\/p>\n","protected":false},"author":4,"featured_media":0,"parent":0,"menu_order":0,"comment_status":"closed","ping_status":"closed","template":"","meta":{"_acf_changed":false,"content-type":"","footnotes":""},"class_list":["post-32224","page","type-page","status-publish","hentry"],"acf":[],"yoast_head":"<!-- This site is optimized with the Yoast SEO plugin v27.3 - https:\/\/yoast.com\/product\/yoast-seo-wordpress\/ -->\n<title>Anmeldung Next Generation Leader Programm - impakt360<\/title>\n<meta name=\"robots\" content=\"noindex, nofollow\" \/>\n<meta property=\"og:locale\" content=\"en_US\" \/>\n<meta property=\"og:type\" content=\"article\" \/>\n<meta property=\"og:title\" content=\"Anmeldung Next Generation Leader Programm - impakt360\" \/>\n<meta property=\"og:description\" content=\"Termine n\u00e4chste Durchf\u00fchrung September 2025 M01: Donnerstag, 25.09.25 15:05-17:00 M02: Freitag, 10.10.25 13:05-15:00 M03: Montag, 27.10.25 13:05-15:00 M04: Freitag, 7.11.25 15:05-17:00 M05: Donnerstag, 20.11.25 15:05-17:00 M06: Donnerstag, 4.12.25 13:05-15:00 M07: Donnerstag, 15.01.26 13:05-15:00 M08: Dienstag, 20.01.26 13:05-15:00 M09: Donnerstag, 12.02.26 [&hellip;]\" \/>\n<meta property=\"og:url\" content=\"https:\/\/impakt360.com\/ngl-anmeldung\/\" \/>\n<meta property=\"og:site_name\" content=\"impakt360\" \/>\n<meta property=\"article:modified_time\" content=\"2025-07-17T09:10:55+00:00\" \/>\n<meta property=\"og:image\" content=\"https:\/\/impakt360.com\/wp-content\/uploads\/2019\/11\/logo_blau.png\" \/>\n\t<meta property=\"og:image:width\" content=\"1024\" \/>\n\t<meta property=\"og:image:height\" content=\"1024\" \/>\n\t<meta property=\"og:image:type\" content=\"image\/png\" \/>\n<meta name=\"twitter:card\" content=\"summary_large_image\" \/>\n<meta name=\"twitter:label1\" content=\"Est. reading time\" \/>\n\t<meta name=\"twitter:data1\" content=\"1 minute\" \/>\n<script type=\"application\/ld+json\" class=\"yoast-schema-graph\">{\"@context\":\"https:\\\/\\\/schema.org\",\"@graph\":[{\"@type\":\"WebPage\",\"@id\":\"https:\\\/\\\/impakt360.com\\\/ngl-anmeldung\\\/\",\"url\":\"https:\\\/\\\/impakt360.com\\\/ngl-anmeldung\\\/\",\"name\":\"Anmeldung Next Generation Leader Programm - impakt360\",\"isPartOf\":{\"@id\":\"https:\\\/\\\/impakt360.com\\\/#website\"},\"datePublished\":\"2023-04-12T13:56:06+00:00\",\"dateModified\":\"2025-07-17T09:10:55+00:00\",\"breadcrumb\":{\"@id\":\"https:\\\/\\\/impakt360.com\\\/ngl-anmeldung\\\/#breadcrumb\"},\"inLanguage\":\"en-US\",\"potentialAction\":[{\"@type\":\"ReadAction\",\"target\":[\"https:\\\/\\\/impakt360.com\\\/ngl-anmeldung\\\/\"]}]},{\"@type\":\"BreadcrumbList\",\"@id\":\"https:\\\/\\\/impakt360.com\\\/ngl-anmeldung\\\/#breadcrumb\",\"itemListElement\":[{\"@type\":\"ListItem\",\"position\":1,\"name\":\"Startseite\",\"item\":\"https:\\\/\\\/impakt360.com\\\/\"},{\"@type\":\"ListItem\",\"position\":2,\"name\":\"Anmeldung Next Generation Leader Programm\"}]},{\"@type\":\"WebSite\",\"@id\":\"https:\\\/\\\/impakt360.com\\\/#website\",\"url\":\"https:\\\/\\\/impakt360.com\\\/\",\"name\":\"impakt360\",\"description\":\"Ihr Spezialist f\u00fcr F\u00fchrungskr\u00e4fte\",\"publisher\":{\"@id\":\"https:\\\/\\\/impakt360.com\\\/#organization\"},\"potentialAction\":[{\"@type\":\"SearchAction\",\"target\":{\"@type\":\"EntryPoint\",\"urlTemplate\":\"https:\\\/\\\/impakt360.com\\\/?s={search_term_string}\"},\"query-input\":{\"@type\":\"PropertyValueSpecification\",\"valueRequired\":true,\"valueName\":\"search_term_string\"}}],\"inLanguage\":\"en-US\"},{\"@type\":\"Organization\",\"@id\":\"https:\\\/\\\/impakt360.com\\\/#organization\",\"name\":\"impakt360\",\"url\":\"https:\\\/\\\/impakt360.com\\\/\",\"logo\":{\"@type\":\"ImageObject\",\"inLanguage\":\"en-US\",\"@id\":\"https:\\\/\\\/impakt360.com\\\/#\\\/schema\\\/logo\\\/image\\\/\",\"url\":\"https:\\\/\\\/impakt360.com\\\/wp-content\\\/uploads\\\/2020\\\/11\\\/impakt360-logo.png\",\"contentUrl\":\"https:\\\/\\\/impakt360.com\\\/wp-content\\\/uploads\\\/2020\\\/11\\\/impakt360-logo.png\",\"width\":312,\"height\":104,\"caption\":\"impakt360\"},\"image\":{\"@id\":\"https:\\\/\\\/impakt360.com\\\/#\\\/schema\\\/logo\\\/image\\\/\"},\"sameAs\":[\"https:\\\/\\\/www.linkedin.com\\\/company\\\/impakt360\"]}]}<\/script>\n<!-- \/ Yoast SEO plugin. -->","yoast_head_json":{"title":"Anmeldung Next Generation Leader Programm - impakt360","robots":{"index":"noindex","follow":"nofollow"},"og_locale":"en_US","og_type":"article","og_title":"Anmeldung Next Generation Leader Programm - impakt360","og_description":"Termine n\u00e4chste Durchf\u00fchrung September 2025 M01: Donnerstag, 25.09.25 15:05-17:00 M02: Freitag, 10.10.25 13:05-15:00 M03: Montag, 27.10.25 13:05-15:00 M04: Freitag, 7.11.25 15:05-17:00 M05: Donnerstag, 20.11.25 15:05-17:00 M06: Donnerstag, 4.12.25 13:05-15:00 M07: Donnerstag, 15.01.26 13:05-15:00 M08: Dienstag, 20.01.26 13:05-15:00 M09: Donnerstag, 12.02.26 [&hellip;]","og_url":"https:\/\/impakt360.com\/ngl-anmeldung\/","og_site_name":"impakt360","article_modified_time":"2025-07-17T09:10:55+00:00","og_image":[{"width":1024,"height":1024,"url":"https:\/\/impakt360.com\/wp-content\/uploads\/2019\/11\/logo_blau.png","type":"image\/png"}],"twitter_card":"summary_large_image","twitter_misc":{"Est. reading time":"1 minute"},"schema":{"@context":"https:\/\/schema.org","@graph":[{"@type":"WebPage","@id":"https:\/\/impakt360.com\/ngl-anmeldung\/","url":"https:\/\/impakt360.com\/ngl-anmeldung\/","name":"Anmeldung Next Generation Leader Programm - impakt360","isPartOf":{"@id":"https:\/\/impakt360.com\/#website"},"datePublished":"2023-04-12T13:56:06+00:00","dateModified":"2025-07-17T09:10:55+00:00","breadcrumb":{"@id":"https:\/\/impakt360.com\/ngl-anmeldung\/#breadcrumb"},"inLanguage":"en-US","potentialAction":[{"@type":"ReadAction","target":["https:\/\/impakt360.com\/ngl-anmeldung\/"]}]},{"@type":"BreadcrumbList","@id":"https:\/\/impakt360.com\/ngl-anmeldung\/#breadcrumb","itemListElement":[{"@type":"ListItem","position":1,"name":"Startseite","item":"https:\/\/impakt360.com\/"},{"@type":"ListItem","position":2,"name":"Anmeldung Next Generation Leader Programm"}]},{"@type":"WebSite","@id":"https:\/\/impakt360.com\/#website","url":"https:\/\/impakt360.com\/","name":"impakt360","description":"Ihr Spezialist f\u00fcr F\u00fchrungskr\u00e4fte","publisher":{"@id":"https:\/\/impakt360.com\/#organization"},"potentialAction":[{"@type":"SearchAction","target":{"@type":"EntryPoint","urlTemplate":"https:\/\/impakt360.com\/?s={search_term_string}"},"query-input":{"@type":"PropertyValueSpecification","valueRequired":true,"valueName":"search_term_string"}}],"inLanguage":"en-US"},{"@type":"Organization","@id":"https:\/\/impakt360.com\/#organization","name":"impakt360","url":"https:\/\/impakt360.com\/","logo":{"@type":"ImageObject","inLanguage":"en-US","@id":"https:\/\/impakt360.com\/#\/schema\/logo\/image\/","url":"https:\/\/impakt360.com\/wp-content\/uploads\/2020\/11\/impakt360-logo.png","contentUrl":"https:\/\/impakt360.com\/wp-content\/uploads\/2020\/11\/impakt360-logo.png","width":312,"height":104,"caption":"impakt360"},"image":{"@id":"https:\/\/impakt360.com\/#\/schema\/logo\/image\/"},"sameAs":["https:\/\/www.linkedin.com\/company\/impakt360"]}]}},"_links":{"self":[{"href":"https:\/\/impakt360.com\/en\/wp-json\/wp\/v2\/pages\/32224","targetHints":{"allow":["GET"]}}],"collection":[{"href":"https:\/\/impakt360.com\/en\/wp-json\/wp\/v2\/pages"}],"about":[{"href":"https:\/\/impakt360.com\/en\/wp-json\/wp\/v2\/types\/page"}],"author":[{"embeddable":true,"href":"https:\/\/impakt360.com\/en\/wp-json\/wp\/v2\/users\/4"}],"replies":[{"embeddable":true,"href":"https:\/\/impakt360.com\/en\/wp-json\/wp\/v2\/comments?post=32224"}],"version-history":[{"count":16,"href":"https:\/\/impakt360.com\/en\/wp-json\/wp\/v2\/pages\/32224\/revisions"}],"predecessor-version":[{"id":44676,"href":"https:\/\/impakt360.com\/en\/wp-json\/wp\/v2\/pages\/32224\/revisions\/44676"}],"wp:attachment":[{"href":"https:\/\/impakt360.com\/en\/wp-json\/wp\/v2\/media?parent=32224"}],"curies":[{"name":"wp","href":"https:\/\/api.w.org\/{rel}","templated":true}]}}